{"id":8,"date":"2022-10-14T10:14:39","date_gmt":"2022-10-14T10:14:39","guid":{"rendered":"https:\/\/stjustetvacquieres.fr\/?page_id=8"},"modified":"2023-09-19T16:49:25","modified_gmt":"2023-09-19T16:49:25","slug":"about","status":"publish","type":"page","link":"https:\/\/stjustetvacquieres.fr\/index.php\/about\/","title":{"rendered":"La vie associative de la commune"},"content":{"rendered":"\n<h2 class=\"has-large-font-size\" id=\"inspiro-is-a-digital-product-agency-that-focuses-on-strategy-and-design\" style=\"font-style:normal;font-weight:100\">Voici une pr\u00e9sentation des associations de la commune<\/h2>\n\n\n\n<div style=\"height:100px\" aria-hidden=\"true\" class=\"wp-block-spacer\"><\/div>\n\n\n\n<div class=\"is-layout-flex wp-container-6 wp-block-columns alignwide\">\n<div class=\"is-layout-flow wp-block-column\">\n<figure class=\"wp-block-image size-full\"><img decoding=\"async\" loading=\"lazy\" width=\"8256\" height=\"5504\" src=\"https:\/\/stjustetvacquieres.fr\/wp-content\/uploads\/2022\/10\/DSC_3660.jpg\" alt=\"\" class=\"wp-image-92\"\/><\/figure>\n\n\n\n<p class=\"has-black-color has-text-color has-medium-font-size\">LES PARPAYUS CEVENNOLS<\/p>\n\n\n\n<ul class=\"is-layout-flex wp-block-social-links\"><li class=\"wp-social-link wp-social-link-facebook wp-block-social-link\"><a href=\"https:\/\/www.facebook.com\/profile.php?id=100004988838870\"  class=\"wp-block-social-link-anchor\"><svg width=\"24\" height=\"24\" viewBox=\"0 0 24 24\" version=\"1.1\" xmlns=\"http:\/\/www.w3.org\/2000\/svg\" aria-hidden=\"true\" focusable=\"false\"><path d=\"M12 2C6.5 2 2 6.5 2 12c0 5 3.7 9.1 8.4 9.9v-7H7.9V12h2.5V9.8c0-2.5 1.5-3.9 3.8-3.9 1.1 0 2.2.2 2.2.2v2.5h-1.3c-1.2 0-1.6.8-1.6 1.6V12h2.8l-.4 2.9h-2.3v7C18.3 21.1 22 17 22 12c0-5.5-4.5-10-10-10z\"><\/path><\/svg><span class=\"wp-block-social-link-label screen-reader-text\">Facebook<\/span><\/a><\/li><\/ul>\n\n\n\n<p class=\"has-text-color\" style=\"color:#7a7a7a\">Cette association revisite les traditions et coutumes li\u00e9es \u00e0 la cochonnaille, fait la promotion de la vie rurale.<\/p>\n\n\n\n<p class=\"has-text-color\" style=\"color:#7a7a7a\">Cette association organise des moments de convivialit\u00e9 r\u00e9unissant membres et visiteurs autour de festivit\u00e9s culturelles et musicales.<\/p>\n<\/div>\n\n\n\n<div class=\"is-layout-flow wp-block-column\">\n<figure class=\"wp-block-image size-large\"><img decoding=\"async\" loading=\"lazy\" width=\"1024\" height=\"683\" src=\"https:\/\/stjustetvacquieres.fr\/wp-content\/uploads\/2022\/10\/canon21-481-1024x683.jpg\" alt=\"\" class=\"wp-image-103\" srcset=\"https:\/\/stjustetvacquieres.fr\/wp-content\/uploads\/2022\/10\/canon21-481-1024x683.jpg 1024w, https:\/\/stjustetvacquieres.fr\/wp-content\/uploads\/2022\/10\/canon21-481-300x200.jpg 300w, https:\/\/stjustetvacquieres.fr\/wp-content\/uploads\/2022\/10\/canon21-481-768x512.jpg 768w, https:\/\/stjustetvacquieres.fr\/wp-content\/uploads\/2022\/10\/canon21-481-1536x1024.jpg 1536w, https:\/\/stjustetvacquieres.fr\/wp-content\/uploads\/2022\/10\/canon21-481-2048x1365.jpg 2048w\" sizes=\"(max-width: 1024px) 100vw, 1024px\" \/><\/figure>\n\n\n\n<p class=\"has-black-color has-text-color has-medium-font-size\">ASSOCIATION SPORT ET DETENTE SAINT JUST ET VACQUIERES<\/p>\n\n\n\n<p class=\"has-text-color\" style=\"color:#7a7a7a\">\ud83d\udea7 page en construction \ud83d\udea7 <\/p>\n<\/div>\n\n\n\n<div class=\"is-layout-flow wp-block-column\">\n<figure class=\"wp-block-image size-full is-resized\"><a href=\"https:\/\/stjustetvacquieres.fr\/index.php\/wonderbyland-association-roller\/\"><img decoding=\"async\" loading=\"lazy\" src=\"https:\/\/stjustetvacquieres.fr\/wp-content\/uploads\/2022\/10\/logo-final-scaled.jpg\" alt=\"\" class=\"wp-image-115\" width=\"269\" height=\"229\" srcset=\"https:\/\/stjustetvacquieres.fr\/wp-content\/uploads\/2022\/10\/logo-final-scaled.jpg 2560w, https:\/\/stjustetvacquieres.fr\/wp-content\/uploads\/2022\/10\/logo-final-300x256.jpg 300w, https:\/\/stjustetvacquieres.fr\/wp-content\/uploads\/2022\/10\/logo-final-1024x872.jpg 1024w\" sizes=\"(max-width: 269px) 100vw, 269px\" \/><\/a><\/figure>\n\n\n\n<p class=\"has-black-color has-text-color has-medium-font-size\">WONDERBYLAND <\/p>\n\n\n\n<ul class=\"is-layout-flex wp-block-social-links\"><li class=\"wp-social-link wp-social-link-facebook wp-block-social-link\"><a href=\"https:\/\/www.facebook.com\/wonderbyland\"  class=\"wp-block-social-link-anchor\"><svg width=\"24\" height=\"24\" viewBox=\"0 0 24 24\" version=\"1.1\" xmlns=\"http:\/\/www.w3.org\/2000\/svg\" aria-hidden=\"true\" focusable=\"false\"><path d=\"M12 2C6.5 2 2 6.5 2 12c0 5 3.7 9.1 8.4 9.9v-7H7.9V12h2.5V9.8c0-2.5 1.5-3.9 3.8-3.9 1.1 0 2.2.2 2.2.2v2.5h-1.3c-1.2 0-1.6.8-1.6 1.6V12h2.8l-.4 2.9h-2.3v7C18.3 21.1 22 17 22 12c0-5.5-4.5-10-10-10z\"><\/path><\/svg><span class=\"wp-block-social-link-label screen-reader-text\">Facebook<\/span><\/a><\/li><\/ul>\n\n\n\n<p class=\"has-text-color\" style=\"color:#7a7a7a\">Association sportive destin\u00e9e \u00e0 d\u00e9velopper plusieurs disciplines de roller sous l&rsquo;\u00e9gide de la FFRS. <\/p>\n\n\n\n<p>L&rsquo;association organise des manifestations sportives et conviviales afin de promouvoir la pratique du roller.<\/p>\n\n\n\n<figure class=\"wp-block-image size-full\"><img decoding=\"async\" loading=\"lazy\" width=\"619\" height=\"897\" src=\"https:\/\/stjustetvacquieres.fr\/wp-content\/uploads\/2023\/09\/Tarifs-2023wonderbyland.jpg\" alt=\"\" class=\"wp-image-241\" srcset=\"https:\/\/stjustetvacquieres.fr\/wp-content\/uploads\/2023\/09\/Tarifs-2023wonderbyland.jpg 619w, https:\/\/stjustetvacquieres.fr\/wp-content\/uploads\/2023\/09\/Tarifs-2023wonderbyland-207x300.jpg 207w\" sizes=\"(max-width: 619px) 100vw, 619px\" \/><\/figure>\n<\/div>\n<\/div>\n\n\n\n<h3 class=\"has-large-font-size\" id=\"inspiro-is-a-digital-product-agency-that-focuses-on-strategy-and-desig\" style=\"font-weight:300\"><\/h3>\n\n\n\n<div style=\"height:100px\" aria-hidden=\"true\" class=\"wp-block-spacer\"><\/div>\n","protected":false},"excerpt":{"rendered":"<p>Voici une pr\u00e9sentation des associations de la commune LES PARPAYUS CEVENNOLS Cette association revisite les [&hellip;]<\/p>\n","protected":false},"author":1,"featured_media":6,"parent":0,"menu_order":0,"comment_status":"closed","ping_status":"closed","template":"","meta":{"om_disable_all_campaigns":false,"_mi_skip_tracking":false},"aioseo_notices":[],"_links":{"self":[{"href":"https:\/\/stjustetvacquieres.fr\/index.php\/wp-json\/wp\/v2\/pages\/8"}],"collection":[{"href":"https:\/\/stjustetvacquieres.fr\/index.php\/wp-json\/wp\/v2\/pages"}],"about":[{"href":"https:\/\/stjustetvacquieres.fr\/index.php\/wp-json\/wp\/v2\/types\/page"}],"author":[{"embeddable":true,"href":"https:\/\/stjustetvacquieres.fr\/index.php\/wp-json\/wp\/v2\/users\/1"}],"replies":[{"embeddable":true,"href":"https:\/\/stjustetvacquieres.fr\/index.php\/wp-json\/wp\/v2\/comments?post=8"}],"version-history":[{"count":6,"href":"https:\/\/stjustetvacquieres.fr\/index.php\/wp-json\/wp\/v2\/pages\/8\/revisions"}],"predecessor-version":[{"id":251,"href":"https:\/\/stjustetvacquieres.fr\/index.php\/wp-json\/wp\/v2\/pages\/8\/revisions\/251"}],"wp:featuredmedia":[{"embeddable":true,"href":"https:\/\/stjustetvacquieres.fr\/index.php\/wp-json\/wp\/v2\/media\/6"}],"wp:attachment":[{"href":"https:\/\/stjustetvacquieres.fr\/index.php\/wp-json\/wp\/v2\/media?parent=8"}],"curies":[{"name":"wp","href":"https:\/\/api.w.org\/{rel}","templated":true}]}}