{"id":7,"date":"2022-10-14T10:14:39","date_gmt":"2022-10-14T10:14:39","guid":{"rendered":"https:\/\/stjustetvacquieres.fr\/?page_id=7"},"modified":"2026-03-26T20:08:25","modified_gmt":"2026-03-26T20:08:25","slug":"beaux-portfolios-pour-des-creatifs-exceptionnels","status":"publish","type":"page","link":"https:\/\/stjustetvacquieres.fr\/","title":{"rendered":"Bienvenue sur le site de Saint Just et Vacqui\u00e8res"},"content":{"rendered":"\n<p class=\"has-text-align-center\">Le mot du maire : <\/p>\n\n\n\n<div style=\"height:55px\" aria-hidden=\"true\" class=\"wp-block-spacer\"><\/div>\n\n\n\n<pre class=\"wp-block-verse\">St Justiennes, St Justiens,<\/pre>\n\n\n\n<p>M\u00eame si elle reste encore timide, l&rsquo;ann\u00e9e 2022 aura \u00e9t\u00e9 marqu\u00e9e par la reprise des activit\u00e9s qui animent notre commune et qui nous ont tant manqu\u00e9 ces derniers temps.<\/p>\n\n\n\n<p>L&rsquo;\u00e9t\u00e9 caniculaire et particuli\u00e8rement sec que nous avons v\u00e9cu aura \u00e9t\u00e9 r\u00e9v\u00e9lateur de probl\u00e8mes que nous ne pouvons plus ignorer.<\/p>\n\n\n\n<p>Notre village reste particuli\u00e8rement expos\u00e9 aux feux de for\u00eat et le port\u00e9 \u00e0 connaissance  de la Pr\u00e9f\u00e8te du Gard remet totalement en question notre politique d&rsquo;urbanisation. Toute nouvelle construction devra \u00eatre accompagn\u00e9e d&rsquo;un plan faisant clairement appara\u00eetre les mesures de protection des nouvelles habitations. <\/p>\n\n\n\n<p>La difficult\u00e9 suppl\u00e9mentaire pour notre village r\u00e9side dans le fait que les conduites d&rsquo;eau n&rsquo;ont pas un diam\u00e8tre suffisant pour permettre, l&rsquo;installation de bornes \u00e0 incendie r\u00e9pondant aux normes exig\u00e9es par les services d\u00e9partementaux. Des solutions existent, elles ont in co\u00fbt, nous en reparlerons.<\/p>\n\n\n\n<p>Parmi les autres r\u00e9alisations, la r\u00e9fection de la voirie vall\u00e9e de Comblau est budg\u00e9tis\u00e9e et doit se r\u00e9aliser sous peu. Dans le quartier du Serre de l&rsquo;Enclos, la ligne haute tension va \u00eatre enfouie. Les \u00e9tudes et autorisations sont en cours m\u00eame si on trouve que tout cela est bien long. <\/p>\n\n\n\n<p>Cette ann\u00e9e, le temple de St Just va \u00eatre restaur\u00e9. C&rsquo;est un b\u00e2timent qui marque l&rsquo;entr\u00e9e du village et il en a bien besoin.<\/p>\n\n\n\n<p>Le Conseil Municipal et moi-m\u00eame sommes \u00e0 votre \u00e9coute car la vie communale c&rsquo;est aussi votre vie. N&rsquo;h\u00e9sitez pas \u00e0 venir faire part de vos probl\u00e8mes, de vos souhaits. C&rsquo;est toujours mieux que d&rsquo;\u00e9couter les \u00ab on dit \u00bb, \u00ab il para\u00eet que \u00bb souvent d\u00e9form\u00e9s, en toute bonne foi ou parfois avec des intentions beaucoup moins avouables.<\/p>\n\n\n\n<p>Bienvenue aux nouveaux arrivants qui ont choisi notre commune comme cadre de vie. A nous de leur montrer qu&rsquo;ils ont fait le bon choix en les accueillant de la meilleure fa\u00e7on possible, \u00e0 eux de s&rsquo;int\u00e9grer en n&rsquo;h\u00e9sitant pas \u00e0 se m\u00ealer aux diff\u00e9rentes activit\u00e9s associatives.<\/p>\n\n\n\n<p>Je m&rsquo;adresse aussi \u00e0 ceux qui sont dans la souffrance et dans la peine, nous pensons \u00e0 eux. Qu&rsquo;ils sachent que nous sommes \u00e0 leur \u00e9coute en cas de besoin.<\/p>\n\n\n\n<p>A vous tous, enfin, avec et au nom du Conseil Municipal, je vous pr\u00e9sente mes veux les plus sinc\u00e8res. Bonheur, r\u00e9ussite et sant\u00e9 ! Vive St Just!<\/p>\n\n\n\n<p>Mr Burel, maire de Saint Just et Vacqui\u00e8res<\/p>\n\n\n\n<figure class=\"wp-block-image size-full is-resized\"><img decoding=\"async\" loading=\"lazy\" src=\"https:\/\/stjustetvacquieres.fr\/wp-content\/uploads\/2022\/10\/Capture.jpg\" alt=\"\" class=\"wp-image-43\" width=\"269\" height=\"290\"\/><\/figure>\n\n\n\n<div class=\"is-layout-flow wp-block-group alignfull has-background\" style=\"background-color:#e5e9ec\">\n<div class=\"is-layout-flex wp-container-4 wp-block-columns\">\n<div class=\"is-layout-flow wp-block-column is-vertically-aligned-center\">\n<h2>Agenda<\/h2>\n\n\n\n<p>Retrouvez ici les derni\u00e8res informations <\/p>\n\n\n\n<div class=\"is-horizontal is-content-justification-left is-layout-flex wp-container-1 wp-block-buttons\">\n<div class=\"wp-block-button is-style-outline\"><a class=\"wp-block-button__link wp-element-button\" href=\"https:\/\/stjustetvacquieres.fr\/index.php\/agenda-de-la-commune\/\">D\u00e9couvrez l&rsquo;agenda de la commune<\/a><\/div>\n<\/div>\n\n\n\n<figure class=\"wp-block-embed is-type-wp-embed is-provider-saint-just-et-vacquieres wp-block-embed-saint-just-et-vacquieres\"><div class=\"wp-block-embed__wrapper\">\n<blockquote class=\"wp-embedded-content\" data-secret=\"xOgp46Piqa\"><a href=\"https:\/\/stjustetvacquieres.fr\/index.php\/agenda-de-la-commune\/\">Agenda de la commune<\/a><\/blockquote><iframe class=\"wp-embedded-content\" sandbox=\"allow-scripts\" security=\"restricted\" style=\"position: absolute; clip: rect(1px, 1px, 1px, 1px);\" title=\"\u00ab\u00a0Agenda de la commune\u00a0\u00bb &#8212; Saint Just et Vacqui\u00e8res\" src=\"https:\/\/stjustetvacquieres.fr\/index.php\/agenda-de-la-commune\/embed\/#?secret=plF3mjGlgI#?secret=xOgp46Piqa\" data-secret=\"xOgp46Piqa\" width=\"500\" height=\"282\" frameborder=\"0\" marginwidth=\"0\" marginheight=\"0\" scrolling=\"no\"><\/iframe>\n<\/div><\/figure>\n<\/div>\n\n\n\n<div class=\"is-layout-flow wp-block-column\">\n<div style=\"height:48px\" aria-hidden=\"true\" class=\"wp-block-spacer\"><\/div>\n\n\n\n<figure class=\"wp-block-image size-full\"><img decoding=\"async\" loading=\"lazy\" width=\"729\" height=\"309\" src=\"https:\/\/stjustetvacquieres.fr\/wp-content\/uploads\/2024\/01\/Capture-decran-2024-01-03-143815.png\" alt=\"Voeux du maire 2024\" class=\"wp-image-260\" srcset=\"https:\/\/stjustetvacquieres.fr\/wp-content\/uploads\/2024\/01\/Capture-decran-2024-01-03-143815.png 729w, https:\/\/stjustetvacquieres.fr\/wp-content\/uploads\/2024\/01\/Capture-decran-2024-01-03-143815-300x127.png 300w\" sizes=\"(max-width: 729px) 100vw, 729px\" \/><figcaption class=\"wp-element-caption\">Bonne ann\u00e9e 2024<\/figcaption><\/figure>\n<\/div>\n<\/div>\n\n\n\n<div class=\"is-layout-flex wp-container-10 wp-block-columns\">\n<div class=\"is-layout-flow wp-block-column is-vertically-aligned-center\">\n<h2>Actualit\u00e9s <\/h2>\n\n\n\n<p>Retrouvez ici les derni\u00e8res informations <\/p>\n\n\n\n<div class=\"is-horizontal is-content-justification-left is-layout-flex wp-container-5 wp-block-buttons\">\n<div class=\"wp-block-button is-style-outline\"><a class=\"wp-block-button__link wp-element-button\" href=\"https:\/\/stjustetvacquieres.fr\/index.php\/2022\/10\/18\/actualites\/\">D\u00e9couvrir<\/a><\/div>\n<\/div>\n\n\n\n<p>Le mois de Septembre signe la rentr\u00e9e des associations<\/p>\n<\/div>\n\n\n\n<div class=\"is-layout-flow wp-block-column\">\n<figure class=\"is-layout-flex wp-block-gallery-7 wp-block-gallery has-nested-images columns-default is-cropped\">\n<figure class=\"wp-block-image size-large\"><img decoding=\"async\" loading=\"lazy\" width=\"600\" height=\"900\" src=\"https:\/\/stjustetvacquieres.fr\/wp-content\/uploads\/2023\/09\/2023-10-Vide-grenier.jpg\" alt=\"vide grenier saint just et vacqui\u00e8res\" class=\"wp-image-238\" srcset=\"https:\/\/stjustetvacquieres.fr\/wp-content\/uploads\/2023\/09\/2023-10-Vide-grenier.jpg 600w, https:\/\/stjustetvacquieres.fr\/wp-content\/uploads\/2023\/09\/2023-10-Vide-grenier-200x300.jpg 200w\" sizes=\"(max-width: 600px) 100vw, 600px\" \/><\/figure>\n\n\n\n<figure class=\"wp-block-image size-full\"><img decoding=\"async\" loading=\"lazy\" width=\"600\" height=\"900\" src=\"https:\/\/stjustetvacquieres.fr\/wp-content\/uploads\/2023\/09\/Rentree-roller-saint-just-et-vacquieres.jpg\" alt=\"\" class=\"wp-image-246\" srcset=\"https:\/\/stjustetvacquieres.fr\/wp-content\/uploads\/2023\/09\/Rentree-roller-saint-just-et-vacquieres.jpg 600w, https:\/\/stjustetvacquieres.fr\/wp-content\/uploads\/2023\/09\/Rentree-roller-saint-just-et-vacquieres-200x300.jpg 200w\" sizes=\"(max-width: 600px) 100vw, 600px\" \/><\/figure>\n\n\n\n<figure class=\"wp-block-image size-full\"><img decoding=\"async\" loading=\"lazy\" width=\"940\" height=\"788\" src=\"https:\/\/stjustetvacquieres.fr\/wp-content\/uploads\/2023\/09\/Gym-Saint-Just-et-vacquieres.jpg\" alt=\"\" class=\"wp-image-244\" srcset=\"https:\/\/stjustetvacquieres.fr\/wp-content\/uploads\/2023\/09\/Gym-Saint-Just-et-vacquieres.jpg 940w, https:\/\/stjustetvacquieres.fr\/wp-content\/uploads\/2023\/09\/Gym-Saint-Just-et-vacquieres-300x251.jpg 300w, https:\/\/stjustetvacquieres.fr\/wp-content\/uploads\/2023\/09\/Gym-Saint-Just-et-vacquieres-768x644.jpg 768w\" sizes=\"(max-width: 940px) 100vw, 940px\" \/><\/figure>\n<\/figure>\n\n\n\n<div style=\"height:0px\" aria-hidden=\"true\" class=\"wp-block-spacer\"><\/div>\n<\/div>\n<\/div>\n<\/div>\n\n\n\n<div class=\"is-layout-flow wp-block-group alignfull\">\n<div class=\"is-layout-flex wp-container-15 wp-block-columns are-vertically-aligned-center\">\n<div class=\"is-layout-flow wp-block-column is-vertically-aligned-center\">\n<div style=\"height:48px\" aria-hidden=\"true\" class=\"wp-block-spacer\"><\/div>\n\n\n\n<figure class=\"wp-block-image size-full\"><img decoding=\"async\" loading=\"lazy\" width=\"885\" height=\"500\" src=\"https:\/\/stjustetvacquieres.fr\/wp-content\/uploads\/2022\/10\/image.jpg\" alt=\"\" class=\"wp-image-63\" srcset=\"https:\/\/stjustetvacquieres.fr\/wp-content\/uploads\/2022\/10\/image.jpg 885w, https:\/\/stjustetvacquieres.fr\/wp-content\/uploads\/2022\/10\/image-300x169.jpg 300w, https:\/\/stjustetvacquieres.fr\/wp-content\/uploads\/2022\/10\/image-768x434.jpg 768w\" sizes=\"(max-width: 885px) 100vw, 885px\" \/><\/figure>\n<\/div>\n\n\n\n<div class=\"is-layout-flow wp-block-column is-vertically-aligned-center\">\n<h2>Les d\u00e9marches et les liens utiles<\/h2>\n\n\n\n<p>Vous trouverez sur cette page des liens vers les d\u00e9marches en ligne les plus fr\u00e9quentes<\/p>\n\n\n\n<div class=\"is-layout-flex wp-block-buttons\">\n<div class=\"wp-block-button is-style-outline\"><a class=\"wp-block-button__link wp-element-button\" href=\"https:\/\/stjustetvacquieres.fr\/index.php\/demarches-en-ligne-et-liens-utiles\/\">Liens et d\u00e9marches<\/a><\/div>\n<\/div>\n<\/div>\n<\/div>\n<\/div>\n\n\n\n<div class=\"is-layout-flow wp-block-group alignfull has-black-background-color has-background\">\n<h2 class=\"has-text-align-center has-white-color has-text-color\"><strong>G<\/strong>alerie<\/h2>\n\n\n\n<figure class=\"is-layout-flex wp-block-gallery-17 wp-block-gallery aligncenter has-nested-images columns-default is-cropped\">\n<figure class=\"wp-block-image size-full\"><img decoding=\"async\" loading=\"lazy\" width=\"8154\" height=\"4922\" src=\"https:\/\/stjustetvacquieres.fr\/wp-content\/uploads\/2022\/12\/DSC_7904-2.jpg\" alt=\"\" class=\"wp-image-180\"\/><\/figure>\n\n\n\n<figure class=\"wp-block-image size-full\"><img decoding=\"async\" src=\"https:\/\/stjustetvacquieres.fr\/wp-content\/uploads\/2022\/12\/DSC_7926.jpg\" alt=\"\" class=\"wp-image-182\"\/><\/figure>\n\n\n\n<figure class=\"wp-block-image size-large\"><img decoding=\"async\" loading=\"lazy\" width=\"1024\" height=\"728\" src=\"https:\/\/stjustetvacquieres.fr\/wp-content\/uploads\/2022\/12\/DSC_7896-3-1024x728.jpg\" alt=\"\" class=\"wp-image-177\" srcset=\"https:\/\/stjustetvacquieres.fr\/wp-content\/uploads\/2022\/12\/DSC_7896-3-1024x728.jpg 1024w, https:\/\/stjustetvacquieres.fr\/wp-content\/uploads\/2022\/12\/DSC_7896-3-300x213.jpg 300w, https:\/\/stjustetvacquieres.fr\/wp-content\/uploads\/2022\/12\/DSC_7896-3-768x546.jpg 768w\" sizes=\"(max-width: 1024px) 100vw, 1024px\" \/><\/figure>\n\n\n\n<figure class=\"wp-block-image size-large\"><img decoding=\"async\" loading=\"lazy\" width=\"1024\" height=\"768\" src=\"https:\/\/stjustetvacquieres.fr\/wp-content\/uploads\/2022\/10\/313014617_868707811178898_9062460525866645031_n-1024x768.jpg\" alt=\"\" class=\"wp-image-119\" srcset=\"https:\/\/stjustetvacquieres.fr\/wp-content\/uploads\/2022\/10\/313014617_868707811178898_9062460525866645031_n-1024x768.jpg 1024w, https:\/\/stjustetvacquieres.fr\/wp-content\/uploads\/2022\/10\/313014617_868707811178898_9062460525866645031_n-300x225.jpg 300w, https:\/\/stjustetvacquieres.fr\/wp-content\/uploads\/2022\/10\/313014617_868707811178898_9062460525866645031_n-768x576.jpg 768w, https:\/\/stjustetvacquieres.fr\/wp-content\/uploads\/2022\/10\/313014617_868707811178898_9062460525866645031_n-1536x1152.jpg 1536w, https:\/\/stjustetvacquieres.fr\/wp-content\/uploads\/2022\/10\/313014617_868707811178898_9062460525866645031_n.jpg 2048w\" sizes=\"(max-width: 1024px) 100vw, 1024px\" \/><\/figure>\n\n\n\n<figure class=\"wp-block-image size-large\"><img decoding=\"async\" loading=\"lazy\" width=\"1024\" height=\"768\" src=\"https:\/\/stjustetvacquieres.fr\/wp-content\/uploads\/2022\/10\/312983930_3239306219657499_2858823108920824599_n-1024x768.jpg\" alt=\"\" class=\"wp-image-120\" srcset=\"https:\/\/stjustetvacquieres.fr\/wp-content\/uploads\/2022\/10\/312983930_3239306219657499_2858823108920824599_n-1024x768.jpg 1024w, https:\/\/stjustetvacquieres.fr\/wp-content\/uploads\/2022\/10\/312983930_3239306219657499_2858823108920824599_n-300x225.jpg 300w, https:\/\/stjustetvacquieres.fr\/wp-content\/uploads\/2022\/10\/312983930_3239306219657499_2858823108920824599_n-768x576.jpg 768w, https:\/\/stjustetvacquieres.fr\/wp-content\/uploads\/2022\/10\/312983930_3239306219657499_2858823108920824599_n-1536x1152.jpg 1536w, https:\/\/stjustetvacquieres.fr\/wp-content\/uploads\/2022\/10\/312983930_3239306219657499_2858823108920824599_n.jpg 2048w\" sizes=\"(max-width: 1024px) 100vw, 1024px\" \/><\/figure>\n\n\n\n<figure class=\"wp-block-image size-large\"><img decoding=\"async\" loading=\"lazy\" width=\"1024\" height=\"768\" src=\"https:\/\/stjustetvacquieres.fr\/wp-content\/uploads\/2022\/10\/312700090_1280465359451764_255392912764302545_n-1024x768.jpg\" alt=\"\" class=\"wp-image-121\" srcset=\"https:\/\/stjustetvacquieres.fr\/wp-content\/uploads\/2022\/10\/312700090_1280465359451764_255392912764302545_n-1024x768.jpg 1024w, https:\/\/stjustetvacquieres.fr\/wp-content\/uploads\/2022\/10\/312700090_1280465359451764_255392912764302545_n-300x225.jpg 300w, https:\/\/stjustetvacquieres.fr\/wp-content\/uploads\/2022\/10\/312700090_1280465359451764_255392912764302545_n-768x576.jpg 768w, https:\/\/stjustetvacquieres.fr\/wp-content\/uploads\/2022\/10\/312700090_1280465359451764_255392912764302545_n-1536x1152.jpg 1536w, https:\/\/stjustetvacquieres.fr\/wp-content\/uploads\/2022\/10\/312700090_1280465359451764_255392912764302545_n.jpg 2048w\" sizes=\"(max-width: 1024px) 100vw, 1024px\" \/><\/figure>\n\n\n\n<figure class=\"wp-block-image size-full\"><img decoding=\"async\" src=\"https:\/\/stjustetvacquieres.fr\/wp-content\/uploads\/2022\/10\/DSC_3656-1.jpg\" alt=\"\" class=\"wp-image-93\"\/><\/figure>\n\n\n\n<figure class=\"wp-block-image size-large\"><img decoding=\"async\" loading=\"lazy\" width=\"1024\" height=\"683\" src=\"https:\/\/stjustetvacquieres.fr\/wp-content\/uploads\/2022\/10\/canon21-481-1024x683.jpg\" alt=\"\" class=\"wp-image-103\" srcset=\"https:\/\/stjustetvacquieres.fr\/wp-content\/uploads\/2022\/10\/canon21-481-1024x683.jpg 1024w, https:\/\/stjustetvacquieres.fr\/wp-content\/uploads\/2022\/10\/canon21-481-300x200.jpg 300w, https:\/\/stjustetvacquieres.fr\/wp-content\/uploads\/2022\/10\/canon21-481-768x512.jpg 768w, https:\/\/stjustetvacquieres.fr\/wp-content\/uploads\/2022\/10\/canon21-481-1536x1024.jpg 1536w, https:\/\/stjustetvacquieres.fr\/wp-content\/uploads\/2022\/10\/canon21-481-2048x1365.jpg 2048w\" sizes=\"(max-width: 1024px) 100vw, 1024px\" \/><\/figure>\n<\/figure>\n<\/div>\n","protected":false},"excerpt":{"rendered":"<p>Le mot du maire : St Justiennes, St Justiens, M\u00eame si elle reste encore timide, [&hellip;]<\/p>\n","protected":false},"author":1,"featured_media":6,"parent":0,"menu_order":0,"comment_status":"closed","ping_status":"closed","template":"","meta":{"om_disable_all_campaigns":false,"_mi_skip_tracking":false},"aioseo_notices":[],"_links":{"self":[{"href":"https:\/\/stjustetvacquieres.fr\/index.php\/wp-json\/wp\/v2\/pages\/7"}],"collection":[{"href":"https:\/\/stjustetvacquieres.fr\/index.php\/wp-json\/wp\/v2\/pages"}],"about":[{"href":"https:\/\/stjustetvacquieres.fr\/index.php\/wp-json\/wp\/v2\/types\/page"}],"author":[{"embeddable":true,"href":"https:\/\/stjustetvacquieres.fr\/index.php\/wp-json\/wp\/v2\/users\/1"}],"replies":[{"embeddable":true,"href":"https:\/\/stjustetvacquieres.fr\/index.php\/wp-json\/wp\/v2\/comments?post=7"}],"version-history":[{"count":20,"href":"https:\/\/stjustetvacquieres.fr\/index.php\/wp-json\/wp\/v2\/pages\/7\/revisions"}],"predecessor-version":[{"id":263,"href":"https:\/\/stjustetvacquieres.fr\/index.php\/wp-json\/wp\/v2\/pages\/7\/revisions\/263"}],"wp:featuredmedia":[{"embeddable":true,"href":"https:\/\/stjustetvacquieres.fr\/index.php\/wp-json\/wp\/v2\/media\/6"}],"wp:attachment":[{"href":"https:\/\/stjustetvacquieres.fr\/index.php\/wp-json\/wp\/v2\/media?parent=7"}],"curies":[{"name":"wp","href":"https:\/\/api.w.org\/{rel}","templated":true}]}}