{"id":102,"date":"2022-10-19T15:17:31","date_gmt":"2022-10-19T15:17:31","guid":{"rendered":"https:\/\/stjustetvacquieres.fr\/?page_id=102"},"modified":"2022-10-19T15:17:51","modified_gmt":"2022-10-19T15:17:51","slug":"les-travaux","status":"publish","type":"page","link":"https:\/\/stjustetvacquieres.fr\/index.php\/les-travaux\/","title":{"rendered":"Les travaux"},"content":{"rendered":"\n<h2>Les travaux termin\u00e9s<\/h2>\n\n\n\n<h3>La r\u00e9fection de la sc\u00e8ne<\/h3>\n\n\n\n<p>La sc\u00e8ne, place du village avait besoin d&rsquo;\u00eatre restaur\u00e9e car les poutres vermoulues repr\u00e9sentaient un r\u00e9el danger. C&rsquo;est chose faite et le rendu est satisfaisant.<\/p>\n\n\n\n<p>Gr\u00e2ce \u00e0 ces travaux le spectacle du regroupement des 4 \u00e9coles du RPI a pu avoir lieu en toute s\u00e9curit\u00e9.<\/p>\n\n\n\n<figure class=\"wp-block-image size-large\"><img decoding=\"async\" loading=\"lazy\" width=\"1024\" height=\"683\" src=\"https:\/\/stjustetvacquieres.fr\/wp-content\/uploads\/2022\/10\/canon21-481-1024x683.jpg\" alt=\"\" class=\"wp-image-103\" srcset=\"https:\/\/stjustetvacquieres.fr\/wp-content\/uploads\/2022\/10\/canon21-481-1024x683.jpg 1024w, https:\/\/stjustetvacquieres.fr\/wp-content\/uploads\/2022\/10\/canon21-481-300x200.jpg 300w, https:\/\/stjustetvacquieres.fr\/wp-content\/uploads\/2022\/10\/canon21-481-768x512.jpg 768w, https:\/\/stjustetvacquieres.fr\/wp-content\/uploads\/2022\/10\/canon21-481-1536x1024.jpg 1536w, https:\/\/stjustetvacquieres.fr\/wp-content\/uploads\/2022\/10\/canon21-481-2048x1365.jpg 2048w\" sizes=\"(max-width: 1024px) 100vw, 1024px\" \/><\/figure>\n","protected":false},"excerpt":{"rendered":"<p>Les travaux termin\u00e9s La r\u00e9fection de la sc\u00e8ne La sc\u00e8ne, place du village avait besoin [&hellip;]<\/p>\n","protected":false},"author":1,"featured_media":0,"parent":0,"menu_order":0,"comment_status":"closed","ping_status":"closed","template":"","meta":{"om_disable_all_campaigns":false,"_mi_skip_tracking":false},"aioseo_notices":[],"_links":{"self":[{"href":"https:\/\/stjustetvacquieres.fr\/index.php\/wp-json\/wp\/v2\/pages\/102"}],"collection":[{"href":"https:\/\/stjustetvacquieres.fr\/index.php\/wp-json\/wp\/v2\/pages"}],"about":[{"href":"https:\/\/stjustetvacquieres.fr\/index.php\/wp-json\/wp\/v2\/types\/page"}],"author":[{"embeddable":true,"href":"https:\/\/stjustetvacquieres.fr\/index.php\/wp-json\/wp\/v2\/users\/1"}],"replies":[{"embeddable":true,"href":"https:\/\/stjustetvacquieres.fr\/index.php\/wp-json\/wp\/v2\/comments?post=102"}],"version-history":[{"count":2,"href":"https:\/\/stjustetvacquieres.fr\/index.php\/wp-json\/wp\/v2\/pages\/102\/revisions"}],"predecessor-version":[{"id":105,"href":"https:\/\/stjustetvacquieres.fr\/index.php\/wp-json\/wp\/v2\/pages\/102\/revisions\/105"}],"wp:attachment":[{"href":"https:\/\/stjustetvacquieres.fr\/index.php\/wp-json\/wp\/v2\/media?parent=102"}],"curies":[{"name":"wp","href":"https:\/\/api.w.org\/{rel}","templated":true}]}}